{"id":973,"date":"2023-03-21T10:41:19","date_gmt":"2023-03-21T09:41:19","guid":{"rendered":"https:\/\/karierynew.uek.krakow.pl\/documents-to-download\/"},"modified":"2026-03-24T12:44:16","modified_gmt":"2026-03-24T11:44:16","slug":"documents-to-download","status":"publish","type":"page","link":"https:\/\/kariery.uek.krakow.pl\/en\/documents-to-download\/","title":{"rendered":"Documents to download"},"content":{"rendered":"<p><div class=\"fusion-fullwidth fullwidth-box fusion-builder-row-1 fusion-flex-container has-pattern-background has-mask-background nonhundred-percent-fullwidth non-hundred-percent-height-scrolling\" style=\"--awb-border-radius-top-left:0px;--awb-border-radius-top-right:0px;--awb-border-radius-bottom-right:0px;--awb-border-radius-bottom-left:0px;--awb-padding-top:5vh;--awb-padding-right:2.5vw;--awb-padding-bottom:10vh;--awb-padding-left:2.5vw;--awb-flex-wrap:wrap;\" ><div class=\"fusion-builder-row fusion-row fusion-flex-align-items-center fusion-flex-content-wrap\" style=\"max-width:calc( 1400px + 0px );margin-left: calc(-0px \/ 2 );margin-right: calc(-0px \/ 2 );\"><div class=\"fusion-layout-column fusion_builder_column fusion-builder-column-0 fusion_builder_column_1_1 1_1 fusion-flex-column\" style=\"--awb-padding-top:3rem;--awb-padding-right:20%;--awb-padding-bottom:3rem;--awb-padding-left:3rem;--awb-padding-right-medium:3rem;--awb-padding-left-medium:3rem;--awb-padding-top-small:2rem;--awb-padding-right-small:2rem;--awb-padding-bottom-small:2rem;--awb-padding-left-small:2rem;--awb-overflow:hidden;--awb-bg-color:var(--awb-custom_color_2);--awb-bg-color-hover:var(--awb-custom_color_2);--awb-bg-size:cover;--awb-border-radius:16px 16px 16px 16px;--awb-width-large:100%;--awb-margin-top-large:0px;--awb-spacing-right-large:0px;--awb-margin-bottom-large:0px;--awb-spacing-left-large:0px;--awb-width-medium:100%;--awb-order-medium:0;--awb-spacing-right-medium:0px;--awb-spacing-left-medium:0px;--awb-width-small:100%;--awb-order-small:0;--awb-spacing-right-small:0px;--awb-spacing-left-small:0px;\"><div class=\"fusion-column-wrapper fusion-column-has-shadow fusion-flex-justify-content-flex-start fusion-content-layout-column\">\n<div class=\"rectangle-decoration-ack\" style=\"width: 64px; height: 64px; position: absolute; bottom: -32px; right: 20px; background-color: var(--awb-color5); border-radius: 4px; z-index: 10;\"><\/div>\n<div class=\"rectangle-decoration-ack\" style=\"width: 64px; height: 64px; position: absolute; top: 64px; right: -32px; background-color: var(--awb-color4); border-radius: 4px; z-index: 10;\"><\/div>\n<div class=\"fusion-title title fusion-title-1 fusion-sep-none fusion-title-text fusion-title-size-one\" style=\"--awb-margin-top:0px;--awb-margin-bottom:1.5rem;--awb-margin-top-small:0px;--awb-margin-right-small:0px;--awb-margin-bottom-small:1.5rem;--awb-margin-left-small:0px;\"><h1 class=\"fusion-title-heading title-heading-left fusion-responsive-typography-calculated\" style=\"margin:0;--fontSize:56;line-height:var(--awb-typography1-line-height);\">Documents to download<\/h1><\/div><div class=\"fusion-text fusion-text-1 fusion-text-no-margin\" style=\"--awb-text-color:var(--awb-color7);--awb-margin-top:0px;--awb-margin-right:0px;--awb-margin-bottom:0px;--awb-margin-left:0px;\"><p>Below you will find the documents necessary to implement various projects<\/p>\n<\/div><\/div><\/div><\/div><\/div><div class=\"fusion-fullwidth fullwidth-box fusion-builder-row-2 fusion-flex-container has-pattern-background has-mask-background nonhundred-percent-fullwidth non-hundred-percent-height-scrolling\" style=\"--awb-border-radius-top-left:0px;--awb-border-radius-top-right:0px;--awb-border-radius-bottom-right:0px;--awb-border-radius-bottom-left:0px;--awb-margin-bottom:5vh;--awb-flex-wrap:wrap;\" ><div class=\"fusion-builder-row fusion-row fusion-flex-align-items-flex-start fusion-flex-content-wrap\" style=\"max-width:calc( 1400px + 0px );margin-left: calc(-0px \/ 2 );margin-right: calc(-0px \/ 2 );\"><div class=\"fusion-layout-column fusion_builder_column fusion-builder-column-1 fusion_builder_column_2_3 2_3 fusion-flex-column\" style=\"--awb-bg-size:cover;--awb-width-large:66.666666666667%;--awb-margin-top-large:0px;--awb-spacing-right-large:0px;--awb-margin-bottom-large:5vh;--awb-spacing-left-large:0px;--awb-width-medium:66.666666666667%;--awb-order-medium:0;--awb-spacing-right-medium:0px;--awb-spacing-left-medium:0px;--awb-width-small:100%;--awb-order-small:0;--awb-spacing-right-small:0px;--awb-spacing-left-small:0px;\"><div class=\"fusion-column-wrapper fusion-column-has-shadow fusion-flex-justify-content-flex-start fusion-content-layout-column\"><div class=\"fusion-title title fusion-title-2 fusion-sep-none fusion-title-text fusion-title-size-two\" style=\"--awb-margin-top:0px;--awb-margin-bottom:0.5rem;--awb-margin-top-small:10px;--awb-margin-right-small:0px;--awb-margin-bottom-small:10px;--awb-margin-left-small:0px;--awb-font-size:var(--awb-typography3-font-size);\"><h2 class=\"fusion-title-heading title-heading-left fusion-responsive-typography-calculated\" style=\"font-family:var(--awb-typography3-font-family);font-weight:var(--awb-typography3-font-weight);font-style:var(--awb-typography3-font-style);margin:0;letter-spacing:var(--awb-typography3-letter-spacing);text-transform:var(--awb-typography3-text-transform);font-size:1em;--fontSize:24;line-height:var(--awb-typography3-line-height);\">International internships:<\/h2><\/div><div class=\"fusion-text fusion-text-2\"><p>For detailed information on documents, please see the <a href=\"https:\/\/kariery.uek.krakow.pl\/en\/student-zone\/international-internship\/\">Internships abroad<\/a> tab.<\/p>\n<\/div><ul style=\"--awb-line-height:27.2px;--awb-icon-width:27.2px;--awb-icon-height:27.2px;--awb-icon-margin:11.2px;--awb-content-margin:38.4px;\" class=\"fusion-checklist fusion-checklist-1 fusion-checklist-default type-icons\"><li class=\"fusion-li-item\" style=\"\"><span class=\"icon-wrapper circle-no\"><i class=\"fusion-li-icon fa-file fas\" aria-hidden=\"true\"><\/i><\/span><div class=\"fusion-li-item-content\">\n<p><a href=\"https:\/\/kariery.uek.krakow.pl\/wp-content\/uploads\/2024\/11\/ZASADY-REKRUTACJI-I-REALIZACJI-PRAKTYK-ZAGRANICZNYCH-nowe.pdf\" target=\"_blank\" rel=\"noopener\" download=\"ZASADY REKRUTACJI I REALIZACJI PRAKTYK ZAGRANICZNYCH\">RULES FOR RECRUITMENT AND IMPLEMENTATION OF FOREIGN INTERNSHIPS<\/a><\/p>\n<\/div><\/li><li class=\"fusion-li-item\" style=\"\"><span class=\"icon-wrapper circle-no\"><i class=\"fusion-li-icon fa-file fas\" aria-hidden=\"true\"><\/i><\/span><div class=\"fusion-li-item-content\">\n<p><a href=\"https:\/\/kariery.uek.krakow.pl\/wp-content\/uploads\/2025\/09\/he-learning-agreement-traineeship-ka131-ka171_2024.docx\">Learning Agreement &#8211; Before, During, After<\/a> &#8211; program 2024 (trips until 31.07.2026)<\/p>\n<\/div><\/li><li class=\"fusion-li-item\" style=\"\"><span class=\"icon-wrapper circle-no\"><i class=\"fusion-li-icon fa-file fas\" aria-hidden=\"true\"><\/i><\/span><div class=\"fusion-li-item-content\">\n<p><a href=\"https:\/\/kariery.uek.krakow.pl\/wp-content\/uploads\/2026\/03\/Learning-Agreement-2025-1.docx\">Learning Agreement &#8211; Before, During, After<\/a> &#8211; program 2025 (trips until 30.07.2027)<\/p>\n<\/div><\/li><li class=\"fusion-li-item\" style=\"\"><span class=\"icon-wrapper circle-no\"><i class=\"fusion-li-icon fa-file fas\" aria-hidden=\"true\"><\/i><\/span><div class=\"fusion-li-item-content\">\n<p><a href=\"https:\/\/kariery.uek.krakow.pl\/wp-content\/uploads\/2023\/11\/Internship-confirmation-statement-Before_new.docx\">Internship Confirmation Before<\/a><\/p>\n<\/div><\/li><li class=\"fusion-li-item\" style=\"\"><span class=\"icon-wrapper circle-no\"><i class=\"fusion-li-icon fa-file fas\" aria-hidden=\"true\"><\/i><\/span><div class=\"fusion-li-item-content\">\n<p><a href=\"https:\/\/kariery.uek.krakow.pl\/wp-content\/uploads\/2023\/11\/Internship-Confirmation-After.doc\">Internship Confirmation After<\/a><\/p>\n<\/div><\/li><li class=\"fusion-li-item\" style=\"\"><span class=\"icon-wrapper circle-no\"><i class=\"fusion-li-icon fa-file fas\" aria-hidden=\"true\"><\/i><\/span><div class=\"fusion-li-item-content\"><a href=\"https:\/\/kariery.uek.krakow.pl\/wp-content\/uploads\/2023\/05\/OSWIADCZENIE_KONTO_BANKOWE_EUR_2022-1.docx\" target=\"_blank\" rel=\"noopener\" download=\"OSWIADCZENIE_KONTO_BANKOWE_EUR\">Statement &#8211; EUR bank account<\/a><\/div><\/li><li class=\"fusion-li-item\" style=\"\"><span class=\"icon-wrapper circle-no\"><i class=\"fusion-li-icon fa-file fas\" aria-hidden=\"true\"><\/i><\/span><div class=\"fusion-li-item-content\"><a href=\"https:\/\/kariery.uek.krakow.pl\/wp-content\/uploads\/2023\/05\/Oswiadczenie-przed-praktyka.docx\" target=\"_blank\" rel=\"noopener\" download=\"Oswiadczenie-przed-praktyka\">Pre-traineeship statement<\/a><\/div><\/li><li class=\"fusion-li-item\" style=\"\"><span class=\"icon-wrapper circle-no\"><i class=\"fusion-li-icon fa-file fas\" aria-hidden=\"true\"><\/i><\/span><div class=\"fusion-li-item-content\"><a href=\"https:\/\/kariery.uek.krakow.pl\/wp-content\/uploads\/2023\/05\/RODO.pdf\" target=\"_blank\" rel=\"noopener\" download=\"Oswiadczenie RODO\">RODO Statement<\/a><\/div><\/li><li class=\"fusion-li-item\" style=\"\"><span class=\"icon-wrapper circle-no\"><i class=\"fusion-li-icon fa-file fas\" aria-hidden=\"true\"><\/i><\/span><div class=\"fusion-li-item-content\">\n<p><a href=\"https:\/\/kariery.uek.krakow.pl\/wp-content\/uploads\/2025\/03\/GREEN-TRAVEL_oswiadczenie_przed-wyjazdem_ACK.docx\" target=\"_blank\" rel=\"noopener\" download=\"Oswiadczenie_GREEN-TRAVEL\">Green Travel Statement before departure<\/a><\/p>\n<\/div><\/li><li class=\"fusion-li-item\" style=\"\"><span class=\"icon-wrapper circle-no\"><i class=\"fusion-li-icon fa-file fas\" aria-hidden=\"true\"><\/i><\/span><div class=\"fusion-li-item-content\">\n<p><a href=\"https:\/\/kariery.uek.krakow.pl\/wp-content\/uploads\/2025\/03\/GREEN-Travel-oswiadczenie-po-powrocie_ACK.docx\" target=\"_blank\" rel=\"noopener\" download=\"Oswiadczenie_GREEN-TRAVEL\">Green Travel Statement upon return<\/a><\/p>\n<\/div><\/li><li class=\"fusion-li-item\" style=\"\"><span class=\"icon-wrapper circle-no\"><i class=\"fusion-li-icon fa-file fas\" aria-hidden=\"true\"><\/i><\/span><div class=\"fusion-li-item-content\"><a href=\"https:\/\/kariery.uek.krakow.pl\/wp-content\/uploads\/2023\/05\/Karta_Studenta_Erasmusa_EN.pdf\" target=\"_blank\" rel=\"noopener\" download=\"Karta_Studenta_Erasmusa_EN\">Erasmus+ Student Card<\/a><\/div><\/li><li class=\"fusion-li-item\" style=\"\"><span class=\"icon-wrapper circle-no\"><i class=\"fusion-li-icon fa-file fas\" aria-hidden=\"true\"><\/i><\/span><div class=\"fusion-li-item-content\"><a href=\"https:\/\/kariery.uek.krakow.pl\/wp-content\/uploads\/2023\/05\/KWESTIONARIUSZ-OCENY-PRAKTYKI-ZAGRANICZNEJ.docx\" target=\"_blank\" rel=\"noopener\" download=\"KWESTIONARIUSZ_OCENY_PRAKTYKI_ZAGRANICZNEJ\">Practice evaluation questionnaire<\/a><\/div><\/li><li class=\"fusion-li-item\" style=\"\"><span class=\"icon-wrapper circle-no\"><i class=\"fusion-li-icon fa-file fas\" aria-hidden=\"true\"><\/i><\/span><div class=\"fusion-li-item-content\"><a href=\"https:\/\/kariery.uek.krakow.pl\/wp-content\/uploads\/2024\/11\/erasmus-policy-statement-2021-2027.pdf\" target=\"_blank\" rel=\"noopener\" download=\"erasmus-policy-statement-2021-2027\">Erasmus Policy Statement 2021 &#8211; 2027<\/a><\/div><\/li><li class=\"fusion-li-item\" style=\"\"><span class=\"icon-wrapper circle-no\"><i class=\"fusion-li-icon fa-file fas\" aria-hidden=\"true\"><\/i><\/span><div class=\"fusion-li-item-content\"><a href=\"https:\/\/kariery.uek.krakow.pl\/wp-content\/uploads\/2025\/03\/Uczelniane-zasady-finansowania-projekt-2024.pdf\" target=\"_blank\" rel=\"noopener\" download=\"Uczelniane-zasady-finansowania-projekt\"> University rules for implementing trips and financing the mobility of UEK students and graduates under the ERASMUS+ program (K131)<\/a><\/div><\/li><\/ul><\/div><\/div><\/div><\/div><\/p>\n","protected":false},"excerpt":{"rendered":"","protected":false},"author":1,"featured_media":0,"parent":0,"menu_order":0,"comment_status":"closed","ping_status":"closed","template":"100-width.php","meta":{"_acf_changed":false,"footnotes":""},"class_list":["post-973","page","type-page","status-publish","hentry"],"acf":[],"yoast_head":"<!-- This site is optimized with the Yoast SEO plugin v27.2 - https:\/\/yoast.com\/product\/yoast-seo-wordpress\/ -->\n<title>Documents to download - Akademickie Centrum Kariery Uniwersytetu Ekonomicznego w Krakowie<\/title>\n<meta name=\"robots\" content=\"index, follow, max-snippet:-1, max-image-preview:large, max-video-preview:-1\" \/>\n<link rel=\"canonical\" href=\"https:\/\/kariery.uek.krakow.pl\/en\/documents-to-download\/\" \/>\n<meta property=\"og:locale\" content=\"en_US\" \/>\n<meta property=\"og:type\" content=\"article\" \/>\n<meta property=\"og:title\" content=\"Documents to download - Akademickie Centrum Kariery Uniwersytetu Ekonomicznego w Krakowie\" \/>\n<meta property=\"og:url\" content=\"https:\/\/kariery.uek.krakow.pl\/en\/documents-to-download\/\" \/>\n<meta property=\"og:site_name\" content=\"Akademickie Centrum Kariery Uniwersytetu Ekonomicznego w Krakowie\" \/>\n<meta property=\"article:publisher\" content=\"https:\/\/www.facebook.com\/AkademickieCentrumKariery\" \/>\n<meta property=\"article:modified_time\" content=\"2026-03-24T11:44:16+00:00\" \/>\n<meta property=\"og:image\" content=\"https:\/\/kariery.uek.krakow.pl\/wp-content\/uploads\/2023\/03\/4-zaslpeka.jpg\" \/>\n\t<meta property=\"og:image:width\" content=\"800\" \/>\n\t<meta property=\"og:image:height\" content=\"534\" \/>\n\t<meta property=\"og:image:type\" content=\"image\/jpeg\" \/>\n<meta name=\"twitter:card\" content=\"summary_large_image\" \/>\n<meta name=\"twitter:label1\" content=\"Est. reading time\" \/>\n\t<meta name=\"twitter:data1\" content=\"1 minute\" \/>\n<script type=\"application\/ld+json\" class=\"yoast-schema-graph\">{\"@context\":\"https:\/\/schema.org\",\"@graph\":[{\"@type\":\"WebPage\",\"@id\":\"https:\/\/kariery.uek.krakow.pl\/en\/documents-to-download\/\",\"url\":\"https:\/\/kariery.uek.krakow.pl\/en\/documents-to-download\/\",\"name\":\"Documents to download - Akademickie Centrum Kariery Uniwersytetu Ekonomicznego w Krakowie\",\"isPartOf\":{\"@id\":\"https:\/\/kariery.uek.krakow.pl\/en\/#website\"},\"datePublished\":\"2023-03-21T09:41:19+00:00\",\"dateModified\":\"2026-03-24T11:44:16+00:00\",\"breadcrumb\":{\"@id\":\"https:\/\/kariery.uek.krakow.pl\/en\/documents-to-download\/#breadcrumb\"},\"inLanguage\":\"en-US\",\"potentialAction\":[{\"@type\":\"ReadAction\",\"target\":[\"https:\/\/kariery.uek.krakow.pl\/en\/documents-to-download\/\"]}]},{\"@type\":\"BreadcrumbList\",\"@id\":\"https:\/\/kariery.uek.krakow.pl\/en\/documents-to-download\/#breadcrumb\",\"itemListElement\":[{\"@type\":\"ListItem\",\"position\":1,\"name\":\"Strona g\u0142\u00f3wna\",\"item\":\"https:\/\/kariery.uek.krakow.pl\/en\/home-page\/\"},{\"@type\":\"ListItem\",\"position\":2,\"name\":\"Documents to download\"}]},{\"@type\":\"WebSite\",\"@id\":\"https:\/\/kariery.uek.krakow.pl\/en\/#website\",\"url\":\"https:\/\/kariery.uek.krakow.pl\/en\/\",\"name\":\"Akademickie Centrum Kariery Uniwersytetu Ekonomicznego w Krakowie\",\"description\":\"\u0141\u0105czymy Student\u00f3w z Biznesem\",\"publisher\":{\"@id\":\"https:\/\/kariery.uek.krakow.pl\/en\/#organization\"},\"alternateName\":\"ACK UEK\",\"potentialAction\":[{\"@type\":\"SearchAction\",\"target\":{\"@type\":\"EntryPoint\",\"urlTemplate\":\"https:\/\/kariery.uek.krakow.pl\/en\/?s={search_term_string}\"},\"query-input\":{\"@type\":\"PropertyValueSpecification\",\"valueRequired\":true,\"valueName\":\"search_term_string\"}}],\"inLanguage\":\"en-US\"},{\"@type\":\"Organization\",\"@id\":\"https:\/\/kariery.uek.krakow.pl\/en\/#organization\",\"name\":\"Akacemickie Centrum Kariery UEK\",\"alternateName\":\"ACK UEK\",\"url\":\"https:\/\/kariery.uek.krakow.pl\/en\/\",\"logo\":{\"@type\":\"ImageObject\",\"inLanguage\":\"en-US\",\"@id\":\"https:\/\/kariery.uek.krakow.pl\/en\/#\/schema\/logo\/image\/\",\"url\":\"https:\/\/kariery.uek.krakow.pl\/wp-content\/uploads\/2023\/03\/4-zaslpeka.jpg\",\"contentUrl\":\"https:\/\/kariery.uek.krakow.pl\/wp-content\/uploads\/2023\/03\/4-zaslpeka.jpg\",\"width\":800,\"height\":534,\"caption\":\"Akacemickie Centrum Kariery UEK\"},\"image\":{\"@id\":\"https:\/\/kariery.uek.krakow.pl\/en\/#\/schema\/logo\/image\/\"},\"sameAs\":[\"https:\/\/www.facebook.com\/AkademickieCentrumKariery\",\"https:\/\/www.instagram.com\/ack_uek\/\",\"https:\/\/www.linkedin.com\/company\/akademickie-centrum-kariery-uek\/\"]}]}<\/script>\n<!-- \/ Yoast SEO plugin. -->","yoast_head_json":{"title":"Documents to download - Akademickie Centrum Kariery Uniwersytetu Ekonomicznego w Krakowie","robots":{"index":"index","follow":"follow","max-snippet":"max-snippet:-1","max-image-preview":"max-image-preview:large","max-video-preview":"max-video-preview:-1"},"canonical":"https:\/\/kariery.uek.krakow.pl\/en\/documents-to-download\/","og_locale":"en_US","og_type":"article","og_title":"Documents to download - Akademickie Centrum Kariery Uniwersytetu Ekonomicznego w Krakowie","og_url":"https:\/\/kariery.uek.krakow.pl\/en\/documents-to-download\/","og_site_name":"Akademickie Centrum Kariery Uniwersytetu Ekonomicznego w Krakowie","article_publisher":"https:\/\/www.facebook.com\/AkademickieCentrumKariery","article_modified_time":"2026-03-24T11:44:16+00:00","og_image":[{"width":800,"height":534,"url":"https:\/\/kariery.uek.krakow.pl\/wp-content\/uploads\/2023\/03\/4-zaslpeka.jpg","type":"image\/jpeg"}],"twitter_card":"summary_large_image","twitter_misc":{"Est. reading time":"1 minute"},"schema":{"@context":"https:\/\/schema.org","@graph":[{"@type":"WebPage","@id":"https:\/\/kariery.uek.krakow.pl\/en\/documents-to-download\/","url":"https:\/\/kariery.uek.krakow.pl\/en\/documents-to-download\/","name":"Documents to download - Akademickie Centrum Kariery Uniwersytetu Ekonomicznego w Krakowie","isPartOf":{"@id":"https:\/\/kariery.uek.krakow.pl\/en\/#website"},"datePublished":"2023-03-21T09:41:19+00:00","dateModified":"2026-03-24T11:44:16+00:00","breadcrumb":{"@id":"https:\/\/kariery.uek.krakow.pl\/en\/documents-to-download\/#breadcrumb"},"inLanguage":"en-US","potentialAction":[{"@type":"ReadAction","target":["https:\/\/kariery.uek.krakow.pl\/en\/documents-to-download\/"]}]},{"@type":"BreadcrumbList","@id":"https:\/\/kariery.uek.krakow.pl\/en\/documents-to-download\/#breadcrumb","itemListElement":[{"@type":"ListItem","position":1,"name":"Strona g\u0142\u00f3wna","item":"https:\/\/kariery.uek.krakow.pl\/en\/home-page\/"},{"@type":"ListItem","position":2,"name":"Documents to download"}]},{"@type":"WebSite","@id":"https:\/\/kariery.uek.krakow.pl\/en\/#website","url":"https:\/\/kariery.uek.krakow.pl\/en\/","name":"Akademickie Centrum Kariery Uniwersytetu Ekonomicznego w Krakowie","description":"\u0141\u0105czymy Student\u00f3w z Biznesem","publisher":{"@id":"https:\/\/kariery.uek.krakow.pl\/en\/#organization"},"alternateName":"ACK UEK","potentialAction":[{"@type":"SearchAction","target":{"@type":"EntryPoint","urlTemplate":"https:\/\/kariery.uek.krakow.pl\/en\/?s={search_term_string}"},"query-input":{"@type":"PropertyValueSpecification","valueRequired":true,"valueName":"search_term_string"}}],"inLanguage":"en-US"},{"@type":"Organization","@id":"https:\/\/kariery.uek.krakow.pl\/en\/#organization","name":"Akacemickie Centrum Kariery UEK","alternateName":"ACK UEK","url":"https:\/\/kariery.uek.krakow.pl\/en\/","logo":{"@type":"ImageObject","inLanguage":"en-US","@id":"https:\/\/kariery.uek.krakow.pl\/en\/#\/schema\/logo\/image\/","url":"https:\/\/kariery.uek.krakow.pl\/wp-content\/uploads\/2023\/03\/4-zaslpeka.jpg","contentUrl":"https:\/\/kariery.uek.krakow.pl\/wp-content\/uploads\/2023\/03\/4-zaslpeka.jpg","width":800,"height":534,"caption":"Akacemickie Centrum Kariery UEK"},"image":{"@id":"https:\/\/kariery.uek.krakow.pl\/en\/#\/schema\/logo\/image\/"},"sameAs":["https:\/\/www.facebook.com\/AkademickieCentrumKariery","https:\/\/www.instagram.com\/ack_uek\/","https:\/\/www.linkedin.com\/company\/akademickie-centrum-kariery-uek\/"]}]}},"_links":{"self":[{"href":"https:\/\/kariery.uek.krakow.pl\/en\/wp-json\/wp\/v2\/pages\/973","targetHints":{"allow":["GET"]}}],"collection":[{"href":"https:\/\/kariery.uek.krakow.pl\/en\/wp-json\/wp\/v2\/pages"}],"about":[{"href":"https:\/\/kariery.uek.krakow.pl\/en\/wp-json\/wp\/v2\/types\/page"}],"author":[{"embeddable":true,"href":"https:\/\/kariery.uek.krakow.pl\/en\/wp-json\/wp\/v2\/users\/1"}],"replies":[{"embeddable":true,"href":"https:\/\/kariery.uek.krakow.pl\/en\/wp-json\/wp\/v2\/comments?post=973"}],"version-history":[{"count":40,"href":"https:\/\/kariery.uek.krakow.pl\/en\/wp-json\/wp\/v2\/pages\/973\/revisions"}],"predecessor-version":[{"id":22761,"href":"https:\/\/kariery.uek.krakow.pl\/en\/wp-json\/wp\/v2\/pages\/973\/revisions\/22761"}],"wp:attachment":[{"href":"https:\/\/kariery.uek.krakow.pl\/en\/wp-json\/wp\/v2\/media?parent=973"}],"curies":[{"name":"wp","href":"https:\/\/api.w.org\/{rel}","templated":true}]}}